{"id":2979,"date":"2024-07-16T18:27:54","date_gmt":"2024-07-16T15:27:54","guid":{"rendered":"https:\/\/secilentrailer.com\/%d0%bd%d0%b8%d0%b7%d0%ba%d0%b0%d1%8f-%d0%ba%d1%80%d0%be%d0%b2%d0%b0%d1%82%d1%8c-4-dingilli\/"},"modified":"2024-07-16T18:27:54","modified_gmt":"2024-07-16T15:27:54","slug":"%d0%bd%d0%b8%d0%b7%d0%ba%d0%b0%d1%8f-%d0%ba%d1%80%d0%be%d0%b2%d0%b0%d1%82%d1%8c-4-dingilli","status":"publish","type":"page","link":"https:\/\/secilentrailer.com\/ru\/%d0%bd%d0%b8%d0%b7%d0%ba%d0%b0%d1%8f-%d0%ba%d1%80%d0%be%d0%b2%d0%b0%d1%82%d1%8c-4-dingilli\/","title":{"rendered":"\u041d\u0438\u0437\u043a\u0430\u044f \u043a\u0440\u043e\u0432\u0430\u0442\u044c &#8212; 4 Dingilli"},"content":{"rendered":"\t\t<div data-elementor-type=\"wp-page\" data-elementor-id=\"2979\" class=\"elementor elementor-2979 elementor-986\" data-elementor-post-type=\"page\">\n\t\t\t\t\t\t<section class=\"elementor-section elementor-top-section elementor-element elementor-element-62bf79b2 elementor-section-boxed elementor-section-height-default elementor-section-height-default\" data-id=\"62bf79b2\" data-element_type=\"section\" data-e-type=\"section\" data-settings=\"{&quot;background_background&quot;:&quot;classic&quot;}\">\n\t\t\t\t\t\t\t<div class=\"elementor-background-overlay\"><\/div>\n\t\t\t\t\t\t\t<div class=\"elementor-container elementor-column-gap-default\">\n\t\t\t\t\t<div class=\"elementor-column elementor-col-100 elementor-top-column elementor-element elementor-element-f1597c4\" data-id=\"f1597c4\" data-element_type=\"column\" data-e-type=\"column\">\n\t\t\t<div class=\"elementor-widget-wrap elementor-element-populated\">\n\t\t\t\t\t\t<div class=\"elementor-element elementor-element-746f202f elementor-invisible elementor-widget elementor-widget-heading\" data-id=\"746f202f\" data-element_type=\"widget\" data-e-type=\"widget\" data-settings=\"{&quot;_animation&quot;:&quot;fadeInUp&quot;}\" data-widget_type=\"heading.default\">\n\t\t\t\t<div class=\"elementor-widget-container\">\n\t\t\t\t\t<h1 class=\"elementor-heading-title elementor-size-default\">4 Dingilli<\/h1>\t\t\t\t<\/div>\n\t\t\t\t<\/div>\n\t\t\t\t\t<\/div>\n\t\t<\/div>\n\t\t\t\t\t<\/div>\n\t\t<\/section>\n\t\t\t\t<section class=\"elementor-section elementor-top-section elementor-element elementor-element-c821856 elementor-section-boxed elementor-section-height-default elementor-section-height-default\" data-id=\"c821856\" data-element_type=\"section\" data-e-type=\"section\" data-settings=\"{&quot;background_background&quot;:&quot;classic&quot;}\">\n\t\t\t\t\t\t<div class=\"elementor-container elementor-column-gap-default\">\n\t\t\t\t\t<div class=\"elementor-column elementor-col-100 elementor-top-column elementor-element elementor-element-ec44d52\" data-id=\"ec44d52\" data-element_type=\"column\" data-e-type=\"column\">\n\t\t\t<div class=\"elementor-widget-wrap elementor-element-populated\">\n\t\t\t\t\t\t<section class=\"elementor-section elementor-inner-section elementor-element elementor-element-71248cb elementor-section-boxed elementor-section-height-default elementor-section-height-default\" data-id=\"71248cb\" data-element_type=\"section\" data-e-type=\"section\">\n\t\t\t\t\t\t<div class=\"elementor-container elementor-column-gap-default\">\n\t\t\t\t\t<div class=\"elementor-column elementor-col-100 elementor-inner-column elementor-element elementor-element-d2f5e32\" data-id=\"d2f5e32\" data-element_type=\"column\" data-e-type=\"column\">\n\t\t\t<div class=\"elementor-widget-wrap elementor-element-populated\">\n\t\t\t\t\t\t<div class=\"elementor-element elementor-element-80703bc elementor-arrows-position-outside elementor-pagination-position-outside elementor-widget elementor-widget-image-carousel\" data-id=\"80703bc\" data-element_type=\"widget\" data-e-type=\"widget\" data-settings=\"{&quot;slides_to_show&quot;:&quot;1&quot;,&quot;navigation&quot;:&quot;both&quot;,&quot;autoplay&quot;:&quot;yes&quot;,&quot;pause_on_hover&quot;:&quot;yes&quot;,&quot;pause_on_interaction&quot;:&quot;yes&quot;,&quot;autoplay_speed&quot;:5000,&quot;infinite&quot;:&quot;yes&quot;,&quot;effect&quot;:&quot;slide&quot;,&quot;speed&quot;:500}\" data-widget_type=\"image-carousel.default\">\n\t\t\t\t<div class=\"elementor-widget-container\">\n\t\t\t\t\t\t\t<div class=\"elementor-image-carousel-wrapper swiper\" role=\"region\" aria-roledescription=\"carousel\" aria-label=\"\u041a\u0430\u0440\u0443\u0441\u0435\u043b\u044c\" dir=\"ltr\">\n\t\t\t<div class=\"elementor-image-carousel swiper-wrapper\" aria-live=\"off\">\n\t\t\t\t\t\t\t\t<div class=\"swiper-slide\" role=\"group\" aria-roledescription=\"slide\" aria-label=\"1 \u0438\u0437 6\"><figure class=\"swiper-slide-inner\"><img decoding=\"async\" class=\"swiper-slide-image\" src=\"https:\/\/secilentrailer.com\/wp-content\/uploads\/secilen_trailer-lowbed-4-768x576.png\" alt=\"secilen_trailer lowbed (4)\" \/><\/figure><\/div><div class=\"swiper-slide\" role=\"group\" aria-roledescription=\"slide\" aria-label=\"2 \u0438\u0437 6\"><figure class=\"swiper-slide-inner\"><img decoding=\"async\" class=\"swiper-slide-image\" src=\"https:\/\/secilentrailer.com\/wp-content\/uploads\/secilen_trailer-lowbed-1-e1721906017697-768x619.png\" alt=\"secilen_trailer lowbed (1)\" \/><\/figure><\/div><div class=\"swiper-slide\" role=\"group\" aria-roledescription=\"slide\" aria-label=\"3 \u0438\u0437 6\"><figure class=\"swiper-slide-inner\"><img decoding=\"async\" class=\"swiper-slide-image\" src=\"https:\/\/secilentrailer.com\/wp-content\/uploads\/secilen_trailer-lowbed-2-768x576.png\" alt=\"secilen_trailer lowbed (2)\" \/><\/figure><\/div><div class=\"swiper-slide\" role=\"group\" aria-roledescription=\"slide\" aria-label=\"4 \u0438\u0437 6\"><figure class=\"swiper-slide-inner\"><img decoding=\"async\" class=\"swiper-slide-image\" src=\"https:\/\/secilentrailer.com\/wp-content\/uploads\/secilen_trailer-lowbed-3-768x576.png\" alt=\"secilen_trailer lowbed (3)\" \/><\/figure><\/div><div class=\"swiper-slide\" role=\"group\" aria-roledescription=\"slide\" aria-label=\"5 \u0438\u0437 6\"><figure class=\"swiper-slide-inner\"><img decoding=\"async\" class=\"swiper-slide-image\" src=\"https:\/\/secilentrailer.com\/wp-content\/uploads\/Lowbed-Dingilli-2-768x576.png\" alt=\"Lowbed - Dingilli (2)\" \/><\/figure><\/div><div class=\"swiper-slide\" role=\"group\" aria-roledescription=\"slide\" aria-label=\"6 \u0438\u0437 6\"><figure class=\"swiper-slide-inner\"><img decoding=\"async\" class=\"swiper-slide-image\" src=\"https:\/\/secilentrailer.com\/wp-content\/uploads\/Lowbed-Dingilli-3-768x576.png\" alt=\"Lowbed - Dingilli (3)\" \/><\/figure><\/div>\t\t\t<\/div>\n\t\t\t\t\t\t\t\t\t\t\t\t<div class=\"elementor-swiper-button elementor-swiper-button-prev\" role=\"button\" tabindex=\"0\">\n\t\t\t\t\t\t<svg aria-hidden=\"true\" class=\"e-font-icon-svg e-eicon-chevron-left\" viewBox=\"0 0 1000 1000\" xmlns=\"http:\/\/www.w3.org\/2000\/svg\"><path d=\"M646 125C629 125 613 133 604 142L308 442C296 454 292 471 292 487 292 504 296 521 308 533L604 854C617 867 629 875 646 875 663 875 679 871 692 858 704 846 713 829 713 812 713 796 708 779 692 767L438 487 692 225C700 217 708 204 708 187 708 171 704 154 692 142 675 129 663 125 646 125Z\"><\/path><\/svg>\t\t\t\t\t<\/div>\n\t\t\t\t\t<div class=\"elementor-swiper-button elementor-swiper-button-next\" role=\"button\" tabindex=\"0\">\n\t\t\t\t\t\t<svg aria-hidden=\"true\" class=\"e-font-icon-svg e-eicon-chevron-right\" viewBox=\"0 0 1000 1000\" xmlns=\"http:\/\/www.w3.org\/2000\/svg\"><path d=\"M696 533C708 521 713 504 713 487 713 471 708 454 696 446L400 146C388 133 375 125 354 125 338 125 325 129 313 142 300 154 292 171 292 187 292 204 296 221 308 233L563 492 304 771C292 783 288 800 288 817 288 833 296 850 308 863 321 871 338 875 354 875 371 875 388 867 400 854L696 533Z\"><\/path><\/svg>\t\t\t\t\t<\/div>\n\t\t\t\t\n\t\t\t\t\t\t\t\t\t<div class=\"swiper-pagination\"><\/div>\n\t\t\t\t\t\t\t\t\t<\/div>\n\t\t\t\t\t\t<\/div>\n\t\t\t\t<\/div>\n\t\t\t\t\t<\/div>\n\t\t<\/div>\n\t\t\t\t\t<\/div>\n\t\t<\/section>\n\t\t\t\t<section class=\"elementor-section elementor-inner-section elementor-element elementor-element-d61c5ad elementor-section-boxed elementor-section-height-default elementor-section-height-default elementor-invisible\" data-id=\"d61c5ad\" data-element_type=\"section\" data-e-type=\"section\" data-settings=\"{&quot;animation&quot;:&quot;fadeInUp&quot;,&quot;background_background&quot;:&quot;classic&quot;}\">\n\t\t\t\t\t\t<div class=\"elementor-container elementor-column-gap-default\">\n\t\t\t\t\t<div class=\"elementor-column elementor-col-100 elementor-inner-column elementor-element elementor-element-640bf86\" data-id=\"640bf86\" data-element_type=\"column\" data-e-type=\"column\">\n\t\t\t<div class=\"elementor-widget-wrap elementor-element-populated\">\n\t\t\t\t\t\t<div class=\"elementor-element elementor-element-986929b elementor-widget elementor-widget-heading\" data-id=\"986929b\" data-element_type=\"widget\" data-e-type=\"widget\" data-widget_type=\"heading.default\">\n\t\t\t\t<div class=\"elementor-widget-container\">\n\t\t\t\t\t<h3 class=\"elementor-heading-title elementor-size-default\">4 Dingilli Teknik \u00d6zellikler:<\/h3>\t\t\t\t<\/div>\n\t\t\t\t<\/div>\n\t\t\t\t<div class=\"elementor-element elementor-element-ccfada8 elementor-widget elementor-widget-text-editor\" data-id=\"ccfada8\" data-element_type=\"widget\" data-e-type=\"widget\" data-widget_type=\"text-editor.default\">\n\t\t\t\t<div class=\"elementor-widget-container\">\n\t\t\t\t\t\t\t\t\t<p><strong>\u015eAS\u0130:<\/strong> Lowbed Dorsenin kullan\u0131m amac\u0131 ve ta\u015f\u0131ma kapasitesine uygun olarak a\u015f\u0131r\u0131 y\u00fcklemeler de g\u00f6z \u00f6n\u00fcne al\u0131narak tasarlanm\u0131\u015f y\u00fcksek mukavemetli \u00e7elikten &#171;I&#187; kesitli olarak gaz alt\u0131 kaynak makineleriyle kaynak konstr\u00fcksiyondan imal edilmektedir.<\/p><p><strong>D\u0130NGL: <\/strong>3 x 12 ton, veya 3 x 14 ton kapasiteli hava s\u00fcspansiyonlu, alttan d\u00fcz makasl\u0131 y\u00fck ve y\u00fckseklik ayarl\u0131 amortis\u00f6r desteklidir. Marka opsiyoneldir.<\/p><p><strong>\u00d6L\u00c7\u00dc:<\/strong>Uzunluk; 8500 &#8212; 10500 mm olarak m\u00fc\u015fteri iste\u011fi ve kullan\u0131m amac\u0131na uygun olarak de\u011fi\u015fmektedir. Toplam Uzunluk; 12300 mm &#8212; 14300 mm. Geni\u015flik; 2550 \u2013 3300 mm iste\u011fe ba\u011fl\u0131 de\u011fi\u015fmektedir.<\/p><p><strong>PLATFORM Y\u00dcKSEKL\u0130\u011e\u0130:<\/strong>Lowbet Dorsenin ta\u015f\u0131ma amac\u0131na uygun tayin edilmektedir. Genel olarak 900 mm &#8212; 1050 mm aras\u0131ndad\u0131r..<\/p><p><strong>RAMPALAR:<\/strong>Opsiyonel olarak pn\u00f6matik veya hidrolik sistem.<\/p><p><strong>PLATFORM MALZEMES\u0130:<\/strong> Lowbed dorsenin platform \u00fcst\u00fc orta \u00f6n k\u0131s\u0131m 3\/4 baklaval\u0131 sac, arka orta k\u0131s\u0131m traverz destekli olarak 8 mm (kova koyma sac\u0131), teker \u00fcstleri 8 mm sac kapl\u0131d\u0131r. Palet temas b\u00f6lgeleri olan yanlar standart olarak KTM (Kau\u00e7uk Taban Malzemesi) kullan\u0131lmaktad\u0131r.<\/p><p><strong>KULLANILAN SAC :<\/strong> Tamamen Ere\u011fli Demir \u00c7elik mamul\u00fc olup St37 ve St52 kalitesindedir.<\/p><p><strong>BOYA:\u00a0<\/strong>T\u00fcm y\u00fczeylerin \u00e7apaklar\u0131 tamamen al\u0131narak kimyasal s\u0131v\u0131larla hassas bir \u015fekilde temizlendikten sonra epoksi astar \u00fczerine iki kat boya at\u0131l\u0131r.<\/p><p><strong>PARK AYA\u011eI:\u00a0<\/strong>2\u00d724 ton kapasiteli \u00e7ift devirli mekanik ayak<\/p><p><strong>HAVALI S\u00dcSPANS\u0130YON:<\/strong> \u0130ndirme ve kald\u0131rma ile y\u00fckseklik ayarlay\u0131c\u0131 sistem. Z makas ve s\u00fcspansiyon k\u00f6r\u00fckleriyle desteklenmi\u015ftir.<\/p><p><strong>AKSESUARLAR:\u00a0<\/strong>89 \/ 297 \/ AT y\u00f6netmeli\u011finin \u00f6n g\u00f6rd\u00fc\u011f\u00fc \u015fekilde yan koruma tertibat\u0131 ,Stepne ta\u015f\u0131y\u0131c\u0131 , \u00e7amurluk , 30 litrelik plastik su deposu, reflekt\u00f6r,plastik teker takozu di\u011fer uyar\u0131 ve ikaz levhalar\u0131<\/p><p><strong>LAST\u0130K:\u00a0<\/strong>245\/70 R 19,5 \u2013 265\/70 R 19,5 \u2013 295 \/ 60 R 22.5 (talebe g\u00f6re de\u011fi\u015fir.)<\/p><p><strong>AYAK:\u00a0<\/strong>Her biri 24 ton ta\u015f\u0131ma kapasiteli \u00e7ift h\u0131zl\u0131 mekanik ayak.<\/p><p><strong>FREN:<\/strong> Kullan\u0131lan fren aksam\u0131 AB Standartlar\u0131nda olup WABC0 marka \u00fcr\u00fcnlerden dizayn edilmi\u015ftir.<\/p><p><strong>HAVA DONANIM:\u00a0<\/strong>Haval\u0131 s\u00fcspansiyon, \u00f6n dingil kald\u0131rma, fren devresi ve ABS devresi i\u00e7in gerekli olan hava, hava tank\u0131ndan kullan\u0131l\u0131r. Bu tesisatta kullan\u0131lan hortumlar poliamid olup hava bas\u0131nc\u0131na dayan\u0131kl\u0131d\u0131r.<\/p><p><strong>KING-PIN:<\/strong>\u00a0Y\u00fcksek mukavemetli d\u00f6vme \u00e7elikten imal 2&#8243; SAE\/DIN normlar\u0131na uygun KingPin.<\/p>\t\t\t\t\t\t\t\t<\/div>\n\t\t\t\t<\/div>\n\t\t\t\t\t<\/div>\n\t\t<\/div>\n\t\t\t\t\t<\/div>\n\t\t<\/section>\n\t\t\t\t<section class=\"elementor-section elementor-inner-section elementor-element elementor-element-e5ddcc5 elementor-section-boxed elementor-section-height-default elementor-section-height-default elementor-invisible\" data-id=\"e5ddcc5\" data-element_type=\"section\" data-e-type=\"section\" data-settings=\"{&quot;animation&quot;:&quot;fadeInUp&quot;}\">\n\t\t\t\t\t\t<div class=\"elementor-container elementor-column-gap-default\">\n\t\t\t\t\t<div class=\"elementor-column elementor-col-100 elementor-inner-column elementor-element elementor-element-4204f56\" data-id=\"4204f56\" data-element_type=\"column\" data-e-type=\"column\">\n\t\t\t<div class=\"elementor-widget-wrap elementor-element-populated\">\n\t\t\t\t\t\t<div class=\"elementor-element elementor-element-405f47c elementor-widget elementor-widget-heading\" data-id=\"405f47c\" data-element_type=\"widget\" data-e-type=\"widget\" data-widget_type=\"heading.default\">\n\t\t\t\t<div class=\"elementor-widget-container\">\n\t\t\t\t\t<h3 class=\"elementor-heading-title elementor-size-default\">4 Dingilli Teknik \u00c7izim:<\/h3>\t\t\t\t<\/div>\n\t\t\t\t<\/div>\n\t\t\t\t<div class=\"elementor-element elementor-element-759ab5a elementor-arrows-position-outside elementor-pagination-position-outside elementor-widget elementor-widget-image-carousel\" data-id=\"759ab5a\" data-element_type=\"widget\" data-e-type=\"widget\" data-settings=\"{&quot;slides_to_show&quot;:&quot;1&quot;,&quot;navigation&quot;:&quot;both&quot;,&quot;autoplay&quot;:&quot;yes&quot;,&quot;pause_on_hover&quot;:&quot;yes&quot;,&quot;pause_on_interaction&quot;:&quot;yes&quot;,&quot;autoplay_speed&quot;:5000,&quot;infinite&quot;:&quot;yes&quot;,&quot;effect&quot;:&quot;slide&quot;,&quot;speed&quot;:500}\" data-widget_type=\"image-carousel.default\">\n\t\t\t\t<div class=\"elementor-widget-container\">\n\t\t\t\t\t\t\t<div class=\"elementor-image-carousel-wrapper swiper\" role=\"region\" aria-roledescription=\"carousel\" aria-label=\"\u041a\u0430\u0440\u0443\u0441\u0435\u043b\u044c\" dir=\"ltr\">\n\t\t\t<div class=\"elementor-image-carousel swiper-wrapper\" aria-live=\"off\">\n\t\t\t\t\t\t\t\t<div class=\"swiper-slide\" role=\"group\" aria-roledescription=\"slide\" aria-label=\"1 \u0438\u0437 2\"><figure class=\"swiper-slide-inner\"><img decoding=\"async\" class=\"swiper-slide-image\" src=\"https:\/\/secilentrailer.com\/wp-content\/uploads\/22-LOVBED-1024x791.jpg\" alt=\"22 LOVBED\" \/><\/figure><\/div><div class=\"swiper-slide\" role=\"group\" aria-roledescription=\"slide\" aria-label=\"2 \u0438\u0437 2\"><figure class=\"swiper-slide-inner\"><img decoding=\"async\" class=\"swiper-slide-image\" src=\"https:\/\/secilentrailer.com\/wp-content\/uploads\/21-LOVBED-1-1024x791.png\" alt=\"21 LOVBED\" \/><\/figure><\/div>\t\t\t<\/div>\n\t\t\t\t\t\t\t\t\t\t\t\t<div class=\"elementor-swiper-button elementor-swiper-button-prev\" role=\"button\" tabindex=\"0\">\n\t\t\t\t\t\t<svg aria-hidden=\"true\" class=\"e-font-icon-svg e-eicon-chevron-left\" viewBox=\"0 0 1000 1000\" xmlns=\"http:\/\/www.w3.org\/2000\/svg\"><path d=\"M646 125C629 125 613 133 604 142L308 442C296 454 292 471 292 487 292 504 296 521 308 533L604 854C617 867 629 875 646 875 663 875 679 871 692 858 704 846 713 829 713 812 713 796 708 779 692 767L438 487 692 225C700 217 708 204 708 187 708 171 704 154 692 142 675 129 663 125 646 125Z\"><\/path><\/svg>\t\t\t\t\t<\/div>\n\t\t\t\t\t<div class=\"elementor-swiper-button elementor-swiper-button-next\" role=\"button\" tabindex=\"0\">\n\t\t\t\t\t\t<svg aria-hidden=\"true\" class=\"e-font-icon-svg e-eicon-chevron-right\" viewBox=\"0 0 1000 1000\" xmlns=\"http:\/\/www.w3.org\/2000\/svg\"><path d=\"M696 533C708 521 713 504 713 487 713 471 708 454 696 446L400 146C388 133 375 125 354 125 338 125 325 129 313 142 300 154 292 171 292 187 292 204 296 221 308 233L563 492 304 771C292 783 288 800 288 817 288 833 296 850 308 863 321 871 338 875 354 875 371 875 388 867 400 854L696 533Z\"><\/path><\/svg>\t\t\t\t\t<\/div>\n\t\t\t\t\n\t\t\t\t\t\t\t\t\t<div class=\"swiper-pagination\"><\/div>\n\t\t\t\t\t\t\t\t\t<\/div>\n\t\t\t\t\t\t<\/div>\n\t\t\t\t<\/div>\n\t\t\t\t\t<\/div>\n\t\t<\/div>\n\t\t\t\t\t<\/div>\n\t\t<\/section>\n\t\t\t\t\t<\/div>\n\t\t<\/div>\n\t\t\t\t\t<\/div>\n\t\t<\/section>\n\t\t\t\t<\/div>\n\t\t","protected":false},"excerpt":{"rendered":"","protected":false},"author":1,"featured_media":0,"parent":0,"menu_order":0,"comment_status":"closed","ping_status":"closed","template":"elementor_theme","meta":{"footnotes":""},"class_list":["post-2979","page","type-page","status-publish","hentry"],"_links":{"self":[{"href":"https:\/\/secilentrailer.com\/ru\/wp-json\/wp\/v2\/pages\/2979","targetHints":{"allow":["GET"]}}],"collection":[{"href":"https:\/\/secilentrailer.com\/ru\/wp-json\/wp\/v2\/pages"}],"about":[{"href":"https:\/\/secilentrailer.com\/ru\/wp-json\/wp\/v2\/types\/page"}],"author":[{"embeddable":true,"href":"https:\/\/secilentrailer.com\/ru\/wp-json\/wp\/v2\/users\/1"}],"replies":[{"embeddable":true,"href":"https:\/\/secilentrailer.com\/ru\/wp-json\/wp\/v2\/comments?post=2979"}],"version-history":[{"count":0,"href":"https:\/\/secilentrailer.com\/ru\/wp-json\/wp\/v2\/pages\/2979\/revisions"}],"wp:attachment":[{"href":"https:\/\/secilentrailer.com\/ru\/wp-json\/wp\/v2\/media?parent=2979"}],"curies":[{"name":"wp","href":"https:\/\/api.w.org\/{rel}","templated":true}]}}